{"id":358,"date":"2023-01-26T11:34:14","date_gmt":"2023-01-26T11:34:14","guid":{"rendered":"https:\/\/data.qika.org\/ballina\/"},"modified":"2023-03-13T14:25:50","modified_gmt":"2023-03-13T14:25:50","slug":"home","status":"publish","type":"page","link":"https:\/\/data.qika.org\/en\/","title":{"rendered":"QIKA"},"content":{"rendered":"","protected":false},"excerpt":{"rendered":"","protected":false},"author":1,"featured_media":0,"parent":0,"menu_order":0,"comment_status":"closed","ping_status":"closed","template":"views\/front-page.blade.php","meta":{"inline_featured_image":false,"footnotes":""},"class_list":["post-358","page","type-page","status-publish","hentry"],"acf":{"banner_text":"\"1\u22601\" is a digital platform, which uses visualization to display data from public institutions in Kosovo on cases of domestic violence, with a focus on violence against women.","banner_image_desktop":"https:\/\/data.qika.org\/wp-content\/uploads\/2022\/11\/WomenDataGif.ae3176bd-1.gif","banner_image_mobile":"https:\/\/data.qika.org\/wp-content\/uploads\/2022\/11\/mika-baumeister-MvNahx-yrqY-unsplash-1.png","dynamic_fields":[{"acf_fc_layout":"infographics_articles","title":"Infographics"},{"acf_fc_layout":"content_video","title":"<h1><strong>About <\/strong><strong>\u201c1\u22601\u201d<\/strong><\/h1>\n","content":"<p>Accessing publically available gender-disaggregated data in Kosovo is a serious challenge. In fact, a recurring criticism in EU progress reports is the failure of public institutions in Kosovo to collect and use gender disaggregated data for policy making in all sectors. This lack of disaggregation makes it challenging, even impossible, to integrate a gender perspective into public policies.<\/p>\n","button":"https:\/\/data.qika.org\/rreth-nesh","iframe":"<iframe title=\"Angazhimi kund\u00ebr dhun\u00ebs duhet t\u00eb jet\u00eb kolektiv!\" width=\"640\" height=\"360\" src=\"https:\/\/www.youtube.com\/embed\/wCq-45hiouc?start=9&feature=oembed\" frameborder=\"0\" allow=\"accelerometer; autoplay; clipboard-write; encrypted-media; gyroscope; picture-in-picture; web-share\" referrerpolicy=\"strict-origin-when-cross-origin\" allowfullscreen><\/iframe>"}]},"yoast_head":"<!-- This site is optimized with the Yoast SEO plugin v20.2.1 - https:\/\/yoast.com\/wordpress\/plugins\/seo\/ -->\n<title>QIKA - 1\u22601<\/title>\n<meta name=\"robots\" content=\"index, follow, max-snippet:-1, max-image-preview:large, max-video-preview:-1\" \/>\n<link rel=\"canonical\" href=\"https:\/\/data.qika.org\/en\/\" \/>\n<meta property=\"og:locale\" content=\"en_US\" \/>\n<meta property=\"og:type\" content=\"article\" \/>\n<meta property=\"og:title\" content=\"QIKA - 1\u22601\" \/>\n<meta property=\"og:url\" content=\"https:\/\/data.qika.org\/en\/\" \/>\n<meta property=\"og:site_name\" content=\"1\u22601\" \/>\n<meta property=\"article:modified_time\" content=\"2023-03-13T14:25:50+00:00\" \/>\n<meta name=\"twitter:card\" content=\"summary_large_image\" \/>\n<script type=\"application\/ld+json\" class=\"yoast-schema-graph\">{\"@context\":\"https:\/\/schema.org\",\"@graph\":[{\"@type\":\"WebPage\",\"@id\":\"https:\/\/data.qika.org\/en\/\",\"url\":\"https:\/\/data.qika.org\/en\/\",\"name\":\"QIKA - 1\u22601\",\"isPartOf\":{\"@id\":\"https:\/\/data.qika.org\/#website\"},\"datePublished\":\"2023-01-26T11:34:14+00:00\",\"dateModified\":\"2023-03-13T14:25:50+00:00\",\"breadcrumb\":{\"@id\":\"https:\/\/data.qika.org\/en\/#breadcrumb\"},\"inLanguage\":\"en-US\",\"potentialAction\":[{\"@type\":\"ReadAction\",\"target\":[\"https:\/\/data.qika.org\/en\/\"]}]},{\"@type\":\"BreadcrumbList\",\"@id\":\"https:\/\/data.qika.org\/en\/#breadcrumb\",\"itemListElement\":[{\"@type\":\"ListItem\",\"position\":1,\"name\":\"Home\",\"item\":\"https:\/\/data.qika.org\/en\/\"},{\"@type\":\"ListItem\",\"position\":2,\"name\":\"QIKA\"}]},{\"@type\":\"WebSite\",\"@id\":\"https:\/\/data.qika.org\/#website\",\"url\":\"https:\/\/data.qika.org\/\",\"name\":\"1\u22601\",\"description\":\"Qika\",\"publisher\":{\"@id\":\"https:\/\/data.qika.org\/#organization\"},\"potentialAction\":[{\"@type\":\"SearchAction\",\"target\":{\"@type\":\"EntryPoint\",\"urlTemplate\":\"https:\/\/data.qika.org\/?s={search_term_string}\"},\"query-input\":\"required name=search_term_string\"}],\"inLanguage\":\"en-US\"},{\"@type\":\"Organization\",\"@id\":\"https:\/\/data.qika.org\/#organization\",\"name\":\"1\u22601\",\"url\":\"https:\/\/data.qika.org\/\",\"logo\":{\"@type\":\"ImageObject\",\"inLanguage\":\"en-US\",\"@id\":\"https:\/\/data.qika.org\/#\/schema\/logo\/image\/\",\"url\":\"https:\/\/data.qika.org\/wp-content\/uploads\/2023\/03\/download.svg\",\"contentUrl\":\"https:\/\/data.qika.org\/wp-content\/uploads\/2023\/03\/download.svg\",\"width\":95,\"height\":39,\"caption\":\"1\u22601\"},\"image\":{\"@id\":\"https:\/\/data.qika.org\/#\/schema\/logo\/image\/\"}}]}<\/script>\n<!-- \/ Yoast SEO plugin. -->","yoast_head_json":{"title":"QIKA - 1\u22601","robots":{"index":"index","follow":"follow","max-snippet":"max-snippet:-1","max-image-preview":"max-image-preview:large","max-video-preview":"max-video-preview:-1"},"canonical":"https:\/\/data.qika.org\/en\/","og_locale":"en_US","og_type":"article","og_title":"QIKA - 1\u22601","og_url":"https:\/\/data.qika.org\/en\/","og_site_name":"1\u22601","article_modified_time":"2023-03-13T14:25:50+00:00","twitter_card":"summary_large_image","schema":{"@context":"https:\/\/schema.org","@graph":[{"@type":"WebPage","@id":"https:\/\/data.qika.org\/en\/","url":"https:\/\/data.qika.org\/en\/","name":"QIKA - 1\u22601","isPartOf":{"@id":"https:\/\/data.qika.org\/#website"},"datePublished":"2023-01-26T11:34:14+00:00","dateModified":"2023-03-13T14:25:50+00:00","breadcrumb":{"@id":"https:\/\/data.qika.org\/en\/#breadcrumb"},"inLanguage":"en-US","potentialAction":[{"@type":"ReadAction","target":["https:\/\/data.qika.org\/en\/"]}]},{"@type":"BreadcrumbList","@id":"https:\/\/data.qika.org\/en\/#breadcrumb","itemListElement":[{"@type":"ListItem","position":1,"name":"Home","item":"https:\/\/data.qika.org\/en\/"},{"@type":"ListItem","position":2,"name":"QIKA"}]},{"@type":"WebSite","@id":"https:\/\/data.qika.org\/#website","url":"https:\/\/data.qika.org\/","name":"1\u22601","description":"Qika","publisher":{"@id":"https:\/\/data.qika.org\/#organization"},"potentialAction":[{"@type":"SearchAction","target":{"@type":"EntryPoint","urlTemplate":"https:\/\/data.qika.org\/?s={search_term_string}"},"query-input":"required name=search_term_string"}],"inLanguage":"en-US"},{"@type":"Organization","@id":"https:\/\/data.qika.org\/#organization","name":"1\u22601","url":"https:\/\/data.qika.org\/","logo":{"@type":"ImageObject","inLanguage":"en-US","@id":"https:\/\/data.qika.org\/#\/schema\/logo\/image\/","url":"https:\/\/data.qika.org\/wp-content\/uploads\/2023\/03\/download.svg","contentUrl":"https:\/\/data.qika.org\/wp-content\/uploads\/2023\/03\/download.svg","width":95,"height":39,"caption":"1\u22601"},"image":{"@id":"https:\/\/data.qika.org\/#\/schema\/logo\/image\/"}}]}},"_links":{"self":[{"href":"https:\/\/data.qika.org\/en\/wp-json\/wp\/v2\/pages\/358","targetHints":{"allow":["GET"]}}],"collection":[{"href":"https:\/\/data.qika.org\/en\/wp-json\/wp\/v2\/pages"}],"about":[{"href":"https:\/\/data.qika.org\/en\/wp-json\/wp\/v2\/types\/page"}],"author":[{"embeddable":true,"href":"https:\/\/data.qika.org\/en\/wp-json\/wp\/v2\/users\/1"}],"replies":[{"embeddable":true,"href":"https:\/\/data.qika.org\/en\/wp-json\/wp\/v2\/comments?post=358"}],"version-history":[{"count":5,"href":"https:\/\/data.qika.org\/en\/wp-json\/wp\/v2\/pages\/358\/revisions"}],"predecessor-version":[{"id":614,"href":"https:\/\/data.qika.org\/en\/wp-json\/wp\/v2\/pages\/358\/revisions\/614"}],"wp:attachment":[{"href":"https:\/\/data.qika.org\/en\/wp-json\/wp\/v2\/media?parent=358"}],"curies":[{"name":"wp","href":"https:\/\/api.w.org\/{rel}","templated":true}]}}